{"id":21,"date":"2018-11-18T00:59:07","date_gmt":"2018-11-17T22:59:07","guid":{"rendered":"https:\/\/basakceber.wordpress.com\/?page_id=21"},"modified":"2026-04-17T20:35:48","modified_gmt":"2026-04-17T20:35:48","slug":"biographie","status":"publish","type":"page","link":"https:\/\/basakceber.com\/tr\/biographie\/","title":{"rendered":"Biographie"},"content":{"rendered":"<div class=\"wp-block-image\">\n<figure class=\"alignright size-large is-resized\"><img loading=\"lazy\" decoding=\"async\" width=\"654\" height=\"1024\" src=\"https:\/\/basakceber.com\/wp-content\/uploads\/2026\/04\/17651147457581-1-654x1024.png\" alt=\"\" class=\"wp-image-276\" style=\"aspect-ratio:0.6386780052042814;object-fit:cover;width:270px\" srcset=\"https:\/\/basakceber.com\/wp-content\/uploads\/2026\/04\/17651147457581-1-654x1024.png 654w, https:\/\/basakceber.com\/wp-content\/uploads\/2026\/04\/17651147457581-1-192x300.png 192w, https:\/\/basakceber.com\/wp-content\/uploads\/2026\/04\/17651147457581-1.png 768w\" sizes=\"auto, (max-width: 654px) 100vw, 654px\" \/><\/figure>\n<\/div>\n\n\n<p class=\"p1\" style=\"font-size:16px\"><span class=\"s1\"><\/span>Die Mezzosopranistin Ba\u015fak Ceber begann ihre musikalische Laufbahn bereits im Alter von sieben Jahren im Kinderchor des T\u00fcrkischen Rundfunks (TRT) und setzte ihre Ausbildung als Sopran im Jugend-Klassikchor fort. Nach einem zun\u00e4chst akademisch gepr\u00e4gten Weg mit einem Bachelorabschluss in Betriebswirtschaftslehre an der Universit\u00e4t Istanbul widmete sie sich vollst\u00e4ndig der Musik und nahm ein Gesangsstudium im Fach Oper am Konservatorium der Universit\u00e4t Istanbul auf.<\/p>\n\n\n\n<p style=\"font-size:16px\">Bereits w\u00e4hrend ihres Studiums sammelte sie umfangreiche B\u00fchnenerfahrung in Produktionen wie &#8220;<em>Die Opernprobe<\/em>&#8221; und &#8220;<em>Dido und Aeneas<\/em>&#8220;. 2012 folgte ihr europ\u00e4isches Deb\u00fct beim Schleswig-Holstein Musik Festival unter der Leitung von Rolf Beck. Ihr Solodeb\u00fct gab sie  als Susanna in Mozarts &#8220;<em>Le nozze di Figaro<\/em>&#8220;, bevor sie ihr Studium in der Rolle Giovanna Seymour in Donizettis &#8220;<em>Anna Bolena<\/em>&#8221; abschloss.<\/p>\n\n\n\n<p style=\"font-size:16px\">Ba\u015fak Ceber arbeitete mit renommierten Dirigenten wie Sir Simon Rattle, Helmuth Rilling, Tan Dun und E. Oronzo Estrada zusammen und war international als Chor- und Solos\u00e4ngerin in Europa, Asien und S\u00fcdamerika t\u00e4tig.<\/p>\n\n\n\n<p style=\"font-size:16px\">Ihr Masterstudium absolvierte sie an der Hochschule f\u00fcr Musik und Tanz K\u00f6ln bei Prof. Mechthild Georg, das sie mit Auszeichnung sowohl im Opernprofil als auch im Konzert-, Lied- und Oratorienfach abschloss.<\/p>\n\n\n\n<p style=\"font-size:16px\">W\u00e4hrend dieser Zeit war sie in zahlreichen Opernproduktionen zu erleben, darunter &#8220;<em>The Fairy Queen<\/em>&#8221; (Oper Wuppertal), &#8220;<em>H\u00e4nsel und Gretel<\/em>&#8221; (Hexe), &#8220;<em>Dido and Aeneas<\/em>&#8221; (Sorceress) sowie &#8220;<em>Das schlaue F\u00fcchslein<\/em>&#8221; am Theater Aachen.<\/p>\n\n\n\n<p style=\"font-size:16px\">Ba\u015fak Ceber zeichnet sich durch eine au\u00dfergew\u00f6hnlich vielseitige und wandelbare Stimme aus, die es ihr erm\u00f6glicht, m\u00fchelos zwischen unterschiedlichen musikalischen Genres zu wechseln. Neben ihrem klassischen Opernrepertoire ist sie auch in Musical, ethnischen Vokaltraditionen sowie in Filmmusik- und symphonischen Rockprojekten mit Orchester t\u00e4tig. Ihre stilistische Offenheit f\u00fchrte zu zahlreichen Einladungen in genre\u00fcbergreifende Projekte und Konzertformate.<\/p>\n\n\n\n<p style=\"font-size:16px\">Als K\u00fcnstlerin vertritt sie die \u00dcberzeugung, dass die Zukunft der Oper in der Verbindung verschiedener Gesangstraditionen liegt, und betrachtet Vielseitigkeit sowie Offenheit gegen\u00fcber unterschiedlichen vokalen Techniken als zentralen Bestandteil einer zeitgem\u00e4\u00dfen Opernkultur.<\/p>\n\n\n\n<p style=\"font-size:16px\">Neben ihrer B\u00fchnenkarriere ist sie auch als Gesangsp\u00e4dagogin t\u00e4tig und unterrichtet Stimmbildung und Gesang in unterschiedlichen musikalischen Disziplinen. Regelm\u00e4\u00dfig arbeitet sie mit halbprofessionellen und ambitionierten Laiench\u00f6ren in Rheinland-Pfalz, Nordrhein-Westfalen, Bremen und Niedersachsen und begleitet diese im Bereich Stimmbildung und vokaler Entwicklung.<\/p>\n\n\n\n<p style=\"font-size:16px\">Aktuell erweitert sie ihr Repertoire um zentrale Partien ihres Fachs, darunter Carmen in Bizets <em>Carmen<\/em>, Venus in Wagners <em>Tannh\u00e4user<\/em> sowie Eboli in Verdis <em>Don Carlo<\/em>.<\/p>\n\n\n\n<p class=\"p1\" style=\"font-size:16px\">Seit 2023 ist sie festes Ensemblemitglied im Chor der Staatsoper Hannover (Mezzosopran), wo sie regelm\u00e4\u00dfig auf der B\u00fchne steht, auch solistische Aufgaben \u00fcbernimmt und parallel ihre eigene Konzertt\u00e4tigkeit kontinuierlich weiterentwickelt.<\/p>\n\n\n\n<p><\/p>\n","protected":false},"excerpt":{"rendered":"<p>Die Mezzosopranistin Ba\u015fak Ceber begann ihre musikalische Laufbahn bereits im Alter von sieben Jahren im Kinderchor des T\u00fcrkischen Rundfunks (TRT) und setzte ihre Ausbildung als Sopran im Jugend-Klassikchor fort. Nach einem zun\u00e4chst akademisch gepr\u00e4gten Weg mit einem Bachelorabschluss in Betriebswirtschaftslehre an der Universit\u00e4t Istanbul widmete sie sich vollst\u00e4ndig der Musik und nahm ein Gesangsstudium im &hellip; <a href=\"https:\/\/basakceber.com\/tr\/biographie\/\" class=\"more-link\">Continue reading <span class=\"screen-reader-text\">Biographie<\/span><\/a><\/p>\n","protected":false},"author":1,"featured_media":0,"parent":0,"menu_order":0,"comment_status":"closed","ping_status":"closed","template":"","meta":{"footnotes":""},"class_list":["post-21","page","type-page","status-publish","hentry"],"translation":{"provider":"WPGlobus","version":"3.0.2","language":"tr","enabled_languages":["de","en","tr","sv"],"languages":{"de":{"title":true,"content":true,"excerpt":false},"en":{"title":true,"content":true,"excerpt":false},"tr":{"title":false,"content":false,"excerpt":false},"sv":{"title":false,"content":false,"excerpt":false}}},"_links":{"self":[{"href":"https:\/\/basakceber.com\/tr\/wp-json\/wp\/v2\/pages\/21","targetHints":{"allow":["GET"]}}],"collection":[{"href":"https:\/\/basakceber.com\/tr\/wp-json\/wp\/v2\/pages"}],"about":[{"href":"https:\/\/basakceber.com\/tr\/wp-json\/wp\/v2\/types\/page"}],"author":[{"embeddable":true,"href":"https:\/\/basakceber.com\/tr\/wp-json\/wp\/v2\/users\/1"}],"replies":[{"embeddable":true,"href":"https:\/\/basakceber.com\/tr\/wp-json\/wp\/v2\/comments?post=21"}],"version-history":[{"count":15,"href":"https:\/\/basakceber.com\/tr\/wp-json\/wp\/v2\/pages\/21\/revisions"}],"predecessor-version":[{"id":298,"href":"https:\/\/basakceber.com\/tr\/wp-json\/wp\/v2\/pages\/21\/revisions\/298"}],"wp:attachment":[{"href":"https:\/\/basakceber.com\/tr\/wp-json\/wp\/v2\/media?parent=21"}],"curies":[{"name":"wp","href":"https:\/\/api.w.org\/{rel}","templated":true}]}}