{"id":9,"date":"2018-11-09T17:24:51","date_gmt":"2018-11-09T15:24:51","guid":{"rendered":"https:\/\/basakceber.wordpress.com\/?page_id=5"},"modified":"2026-04-17T21:21:30","modified_gmt":"2026-04-17T21:21:30","slug":"startseite","status":"publish","type":"page","link":"https:\/\/basakceber.com\/en\/","title":{"rendered":""},"content":{"rendered":"\n<p><\/p>\n\n\n\n<h2 class=\"wp-block-heading has-text-align-center\"><em>Willkommen auf der offiziellen Homepage der Mezzosopranistin Ba\u015fak Ceber.<\/em><\/h2>\n\n\n\n<p class=\"has-text-align-center\" style=\"font-size:13px\">\u201eIn Karl Jenkins\u2019 <em>Stabat Mater<\/em> \u00fcberzeugte die Mezzosopranistin Ba\u015fak Ceber durch ihre au\u00dfergew\u00f6hnlich vielseitige stimmliche Ausdruckskraft, mit der sie m\u00fchelos zwischen klassisch gepr\u00e4gtem Gesang und ethnischen Klangfarben wechselte und das Publikum nachhaltig ber\u00fchrte.\u201c A.Schneider &#8211; Musikfreunde <\/p>\n\n\n\n\n<div class=\"wp-block-image wp-image-243\">\n<figure class=\"aligncenter size-large is-resized\"><img loading=\"lazy\" decoding=\"async\" width=\"1988\" height=\"2560\" src=\"https:\/\/basakceber.com\/wp-content\/uploads\/2026\/04\/29-ALP07307-edited-scaled.jpg\" alt=\"\" class=\"wp-image-301\" style=\"aspect-ratio:0.7763686490744388;width:752px;height:auto\" srcset=\"https:\/\/basakceber.com\/wp-content\/uploads\/2026\/04\/29-ALP07307-edited-scaled.jpg 1988w, https:\/\/basakceber.com\/wp-content\/uploads\/2026\/04\/29-ALP07307-edited-233x300.jpg 233w, https:\/\/basakceber.com\/wp-content\/uploads\/2026\/04\/29-ALP07307-edited-795x1024.jpg 795w, https:\/\/basakceber.com\/wp-content\/uploads\/2026\/04\/29-ALP07307-edited-768x989.jpg 768w, https:\/\/basakceber.com\/wp-content\/uploads\/2026\/04\/29-ALP07307-edited-1193x1536.jpg 1193w, https:\/\/basakceber.com\/wp-content\/uploads\/2026\/04\/29-ALP07307-edited-1591x2048.jpg 1591w, https:\/\/basakceber.com\/wp-content\/uploads\/2026\/04\/29-ALP07307-edited-1165x1500.jpg 1165w\" sizes=\"auto, (max-width: 1988px) 100vw, 1988px\" \/><figcaption class=\"wp-element-caption\">Ba\u015fak Ceber- Mezzosoprano- Opera Singer<\/figcaption><\/figure>\n<\/div>\n\n\n<p style=\"font-size:14px\"><\/p>\n\n\n\n<p><\/p>\n","protected":false},"excerpt":{"rendered":"<p>Willkommen auf der offiziellen Homepage der Mezzosopranistin Ba\u015fak Ceber. \u201eIn Karl Jenkins\u2019 Stabat Mater \u00fcberzeugte die Mezzosopranistin Ba\u015fak Ceber durch ihre au\u00dfergew\u00f6hnlich vielseitige stimmliche Ausdruckskraft, mit der sie m\u00fchelos zwischen klassisch gepr\u00e4gtem Gesang und ethnischen Klangfarben wechselte und das Publikum nachhaltig ber\u00fchrte.\u201c A.Schneider &#8211; Musikfreunde<\/p>\n","protected":false},"author":1,"featured_media":0,"parent":0,"menu_order":1,"comment_status":"closed","ping_status":"closed","template":"","meta":{"footnotes":""},"class_list":["post-9","page","type-page","status-publish","hentry"],"translation":{"provider":"WPGlobus","version":"3.0.2","language":"en","enabled_languages":["de","en","tr","sv"],"languages":{"de":{"title":false,"content":true,"excerpt":false},"en":{"title":false,"content":false,"excerpt":false},"tr":{"title":false,"content":false,"excerpt":false},"sv":{"title":false,"content":false,"excerpt":false}}},"_links":{"self":[{"href":"https:\/\/basakceber.com\/en\/wp-json\/wp\/v2\/pages\/9","targetHints":{"allow":["GET"]}}],"collection":[{"href":"https:\/\/basakceber.com\/en\/wp-json\/wp\/v2\/pages"}],"about":[{"href":"https:\/\/basakceber.com\/en\/wp-json\/wp\/v2\/types\/page"}],"author":[{"embeddable":true,"href":"https:\/\/basakceber.com\/en\/wp-json\/wp\/v2\/users\/1"}],"replies":[{"embeddable":true,"href":"https:\/\/basakceber.com\/en\/wp-json\/wp\/v2\/comments?post=9"}],"version-history":[{"count":5,"href":"https:\/\/basakceber.com\/en\/wp-json\/wp\/v2\/pages\/9\/revisions"}],"predecessor-version":[{"id":332,"href":"https:\/\/basakceber.com\/en\/wp-json\/wp\/v2\/pages\/9\/revisions\/332"}],"wp:attachment":[{"href":"https:\/\/basakceber.com\/en\/wp-json\/wp\/v2\/media?parent=9"}],"curies":[{"name":"wp","href":"https:\/\/api.w.org\/{rel}","templated":true}]}}