{"id":32,"date":"2018-11-18T01:23:40","date_gmt":"2018-11-17T23:23:40","guid":{"rendered":"https:\/\/basakceber.wordpress.com\/?page_id=32"},"modified":"2026-04-17T20:46:27","modified_gmt":"2026-04-17T20:46:27","slug":"repertoire","status":"publish","type":"page","link":"https:\/\/basakceber.com\/en\/repertoire\/","title":{"rendered":"Repertoire"},"content":{"rendered":"\n<ul class=\"wp-block-list\">\n<li><em><strong>Oper: Auf der B\u00fchne gesungenes Repertoire\u00a0<\/strong><\/em><\/li>\n<\/ul>\n\n\n\n<p>W. A. Mozart:\u00a0\u00a0<br>Le nozze di Figaro &#8211;\u00a0Susanna, Marcelina, Cherubino<br>Cosi Fan Tutte &#8211;\u00a0Dorabella<br>Die Zauberfl\u00f6te &#8211; 2te Dame<br><strong>H. Purcell:\u00a0<\/strong>Dido and Aeneas &#8211; Sorceress, 2nd Witch<br><strong>G. Donizetti:\u00a0<\/strong>Anna Bolena &#8211; Giovanna Seymour<br><strong>E. Humperdinck:\u00a0\u00a0<\/strong>H\u00e4nsel und Gretel &#8211; Die Hexe<br><strong>L. Jan\u00e1\u010dek:\u00a0<\/strong>Das Schlaue F\u00fcchslein &#8211; F\u00f6rsterin -Eule<\/p>\n\n\n\n<ul class=\"wp-block-list\">\n<li><em><strong>Oper: Studiertes Repertoire<\/strong><\/em><\/li>\n<\/ul>\n\n\n\n<p><strong>W. A. Mozart:<\/strong><br>La clemenza di Tito &#8211; Sesto<br>Don Giovanni &#8211; Donna Elvira, Zerlina<br>Idomeneo &#8211; Idamante\u00a0<br><strong>H. Purcell:\u00a0<\/strong>Dido and Aeneas &#8211; Dido<br><strong>G. Rossini:<\/strong><br>Il barbiere di Siviglia &#8211; Rosina<br>La Cenerentola &#8211; Tisbe\u00a0<br><strong>G. Donizetti:\u00a0<\/strong>Anna Bolena &#8211; Smeton<br><strong>G. Bizet:\u00a0<\/strong>Carmen &#8211; Carmen<br><strong>C. Saint-Sa\u00ebns:\u00a0<\/strong>Samson et Dalila &#8211; Dalila<br><strong>J.Massenet:<\/strong>\u00a0Werther &#8211; Charlotte<br><strong>B.Britten:\u00a0<\/strong>A Midsummer Night&#8217;s Dream &#8211; Hermia<br><strong>G.Verdi:\u00a0<\/strong>Don Carlos &#8211; Eboli<br><strong>R. Wagner:<\/strong><br>Das Rheingold &#8211; 2.Rheintochter<br>Die Walk\u00fcre &#8211;\u00a0Rossweisse<br>Tannh\u00e4user &#8211; Venus\u00a0<\/p>\n\n\n\n<ul class=\"wp-block-list\">\n<li><em><strong>Oratorien &amp; Lieder<\/strong><\/em><\/li>\n<\/ul>\n\n\n\n<p><strong>J.S. Bach:\u00a0\u00a0<\/strong>Johannespassion, Matth\u00e4uspassion, Weihnachtsoratorium<br><strong>G. F. H\u00e4ndel:<\/strong>\u00a0Messiah<br><strong>G. P. Pergolesi:<\/strong>\u00a0Stabat Mater<br><strong>W. A. Mozart:\u00a0<\/strong>Kr\u00f6nungsmesse, Missa Brevis in B<br><strong>G.Rossini:\u00a0<\/strong>Petite Messe Solennelle<br><strong>L. van Beethoven:\u00a0<\/strong>9. Symphonie\u00a0<br><strong>F. Mendelssohn:\u00a0<\/strong>Elias, Die Erste Walpurgisnacht<br><strong>F. Ries:\u00a0<\/strong>Der Sieg des Glaubens<br><strong>G.Verdi:<\/strong>\u00a0Requiem<br><strong>K.Jenkins:\u00a0<\/strong>Stabat Mater<br><strong>A.Berg:<\/strong>\u00a0Sieben Fr\u00fche Lieder<br>R. Strauss:\u00a04 Letzte Lieder<br>R.Wagner:\u00a0Wesendonck-Lieder<br><strong>E. Elgar:\u00a0<\/strong>Sea Pictures<br><strong>D. Argento:\u00a0<\/strong>Cabaret Songs<br><strong>L.Berio:<\/strong>\u00a0 13 Folk Songs Arrangements<br><strong>A.Sallinen:\u00a0<\/strong>4 Dream Songs<\/p>\n\n\n\n<p><em>* und verschiedene Lieder von: F. Schubert, R. Schumann, H. Wolf, G. Faur\u00e9, J. Brahms,R.Sttauss, K. Weill, B. Britten&#8230;<\/em><\/p>\n\n\n\n<p><\/p>\n","protected":false},"excerpt":{"rendered":"<p>W. A. Mozart:\u00a0\u00a0Le nozze di Figaro &#8211;\u00a0Susanna, Marcelina, CherubinoCosi Fan Tutte &#8211;\u00a0DorabellaDie Zauberfl\u00f6te &#8211; 2te DameH. Purcell:\u00a0Dido and Aeneas &#8211; Sorceress, 2nd WitchG. Donizetti:\u00a0Anna Bolena &#8211; Giovanna SeymourE. Humperdinck:\u00a0\u00a0H\u00e4nsel und Gretel &#8211; Die HexeL. Jan\u00e1\u010dek:\u00a0Das Schlaue F\u00fcchslein &#8211; F\u00f6rsterin -Eule W. A. Mozart:La clemenza di Tito &#8211; SestoDon Giovanni &#8211; Donna Elvira, ZerlinaIdomeneo &#8211; Idamante\u00a0H. &hellip; <a href=\"https:\/\/basakceber.com\/en\/repertoire\/\" class=\"more-link\">Continue reading <span class=\"screen-reader-text\">Repertoire<\/span><\/a><\/p>\n","protected":false},"author":1,"featured_media":0,"parent":0,"menu_order":0,"comment_status":"closed","ping_status":"closed","template":"","meta":{"footnotes":""},"class_list":["post-32","page","type-page","status-publish","hentry"],"translation":{"provider":"WPGlobus","version":"3.0.2","language":"en","enabled_languages":["de","en","tr","sv"],"languages":{"de":{"title":true,"content":true,"excerpt":false},"en":{"title":false,"content":false,"excerpt":false},"tr":{"title":false,"content":false,"excerpt":false},"sv":{"title":false,"content":false,"excerpt":false}}},"_links":{"self":[{"href":"https:\/\/basakceber.com\/en\/wp-json\/wp\/v2\/pages\/32","targetHints":{"allow":["GET"]}}],"collection":[{"href":"https:\/\/basakceber.com\/en\/wp-json\/wp\/v2\/pages"}],"about":[{"href":"https:\/\/basakceber.com\/en\/wp-json\/wp\/v2\/types\/page"}],"author":[{"embeddable":true,"href":"https:\/\/basakceber.com\/en\/wp-json\/wp\/v2\/users\/1"}],"replies":[{"embeddable":true,"href":"https:\/\/basakceber.com\/en\/wp-json\/wp\/v2\/comments?post=32"}],"version-history":[{"count":11,"href":"https:\/\/basakceber.com\/en\/wp-json\/wp\/v2\/pages\/32\/revisions"}],"predecessor-version":[{"id":305,"href":"https:\/\/basakceber.com\/en\/wp-json\/wp\/v2\/pages\/32\/revisions\/305"}],"wp:attachment":[{"href":"https:\/\/basakceber.com\/en\/wp-json\/wp\/v2\/media?parent=32"}],"curies":[{"name":"wp","href":"https:\/\/api.w.org\/{rel}","templated":true}]}}